{"id":891,"date":"2025-11-24T20:00:32","date_gmt":"2025-11-24T20:00:32","guid":{"rendered":"https:\/\/ilandconsulting.hu\/?page_id=891"},"modified":"2025-11-24T20:02:48","modified_gmt":"2025-11-24T20:02:48","slug":"egyeni-csaladallitas","status":"publish","type":"page","link":"https:\/\/ilandconsulting.hu\/?page_id=891","title":{"rendered":"Egy\u00e9ni csal\u00e1d\u00e1ll\u00edt\u00e1s"},"content":{"rendered":"\t\t<div data-elementor-type=\"wp-page\" data-elementor-id=\"891\" class=\"elementor elementor-891\" data-elementor-post-type=\"page\">\n\t\t\t\t<div class=\"elementor-element elementor-element-95caa69 e-flex e-con-boxed e-con e-parent\" data-id=\"95caa69\" data-element_type=\"container\" data-e-type=\"container\" data-settings=\"{&quot;background_background&quot;:&quot;classic&quot;}\">\n\t\t\t\t\t<div class=\"e-con-inner\">\n\t\t\t\t<div class=\"elementor-element elementor-element-567e183 elementor-invisible elementor-widget elementor-widget-heading\" data-id=\"567e183\" data-element_type=\"widget\" data-e-type=\"widget\" data-settings=\"{&quot;_animation&quot;:&quot;fadeIn&quot;}\" data-widget_type=\"heading.default\">\n\t\t\t\t<div class=\"elementor-widget-container\">\n\t\t\t\t\t<h1 class=\"elementor-heading-title elementor-size-default\">Egy\u00e9ni csal\u00e1d\u00e1ll\u00edt\u00e1s<\/h1>\t\t\t\t<\/div>\n\t\t\t\t<\/div>\n\t\t\t\t\t<\/div>\n\t\t\t\t<\/div>\n\t\t\t\t<section class=\"elementor-section elementor-top-section elementor-element elementor-element-5df89dd7 elementor-section-height-min-height elementor-section-boxed elementor-section-height-default elementor-section-items-middle\" data-id=\"5df89dd7\" data-element_type=\"section\" data-e-type=\"section\" data-settings=\"{&quot;background_background&quot;:&quot;classic&quot;}\">\n\t\t\t\t\t\t\t<div class=\"elementor-background-overlay\"><\/div>\n\t\t\t\t\t\t\t<div class=\"elementor-container elementor-column-gap-default\">\n\t\t\t\t\t<div class=\"elementor-column elementor-col-100 elementor-top-column elementor-element elementor-element-3a561b64\" data-id=\"3a561b64\" data-element_type=\"column\" data-e-type=\"column\">\n\t\t\t<div class=\"elementor-widget-wrap elementor-element-populated\">\n\t\t\t\t\t\t<section class=\"elementor-section elementor-inner-section elementor-element elementor-element-1e98f983 elementor-section-boxed elementor-section-height-default elementor-section-height-default\" data-id=\"1e98f983\" data-element_type=\"section\" data-e-type=\"section\">\n\t\t\t\t\t\t<div class=\"elementor-container elementor-column-gap-default\">\n\t\t\t\t\t<div class=\"elementor-column elementor-col-100 elementor-inner-column elementor-element elementor-element-46563761\" data-id=\"46563761\" data-element_type=\"column\" data-e-type=\"column\">\n\t\t\t<div class=\"elementor-widget-wrap elementor-element-populated\">\n\t\t\t\t\t\t<div class=\"elementor-element elementor-element-70a33cc elementor-widget elementor-widget-text-editor\" data-id=\"70a33cc\" data-element_type=\"widget\" data-e-type=\"widget\" data-widget_type=\"text-editor.default\">\n\t\t\t\t<div class=\"elementor-widget-container\">\n\t\t\t\t\t\t\t\t\t<p>Hellinger azt vallotta, hogy a csal\u00e1dok rendszerk\u00e9nt m\u0171k\u00f6dnek, tagjaik k\u00f6lcs\u00f6n\u00f6sen hatnak egym\u00e1sra. A tudattalanban l\u00e9v\u0151 csal\u00e1di eml\u00e9kezet pedig m\u00e9g a t\u00f6bb gener\u00e1ci\u00f3val el\u0151tt\u00fcnk \u00e9l\u0151kkel is \u00f6sszek\u00f6t benn\u00fcnket. Sorsunk teh\u00e1t \u00f6sszef\u00fcgg el\u0151deink sors\u00e1val. Vannak meghat\u00e1rozott t\u00f6rv\u00e9nyei ennek a rendszernek, \u00e9s ahol ez s\u00e9r\u00fcl, ott valamilyen blokk, probl\u00e9ma keletkezik, sokszor gener\u00e1ci\u00f3kon is \u00e1t\u00edvelve.<\/p><p>A csal\u00e1d\u00e1ll\u00edt\u00e1s a rend helyre\u00e1ll\u00edt\u00e1s\u00e1ra t\u00f6rekszik. L\u00e1that\u00f3v\u00e1 teszi a rendszerben r\u00e9sztvev\u0151k egym\u00e1shoz val\u00f3 viszony\u00e1t, \u00e9s seg\u00edti, hogy mindenki az \u0151t megillet\u0151 helyre ker\u00fclj\u00f6n. Egy-egy \u00e1ll\u00edt\u00e1s sor\u00e1n letiszt\u00e1z\u00f3dhaznak a kapcsolati rendszerek, r\u00e1l\u00e1thatsz milyen esem\u00e9nyek, viszonyul\u00e1sok, \u00f6r\u00f6kl\u0151d\u0151 mint\u00e1zatok, vagy sors \u00e1tv\u00e9telek h\u00faz\u00f3dhatnak a probl\u00e9m\u00e1id m\u00f6g\u00f6tt. Speci\u00e1lis old\u00f3 mondatokkal seg\u00edtj\u00fck, hogy a rend helyre\u00e1lljon, \u00e9s minden tagja a rendszernek b\u00e9k\u00e9re lelhessen.\u00a0<\/p>\t\t\t\t\t\t\t\t<\/div>\n\t\t\t\t<\/div>\n\t\t\t\t<div class=\"elementor-element elementor-element-3367d3c elementor-align-center elementor-icon-list--layout-traditional elementor-list-item-link-full_width elementor-widget elementor-widget-icon-list\" data-id=\"3367d3c\" data-element_type=\"widget\" data-e-type=\"widget\" data-widget_type=\"icon-list.default\">\n\t\t\t\t<div class=\"elementor-widget-container\">\n\t\t\t\t\t\t\t<ul class=\"elementor-icon-list-items\">\n\t\t\t\t\t\t\t<li class=\"elementor-icon-list-item\">\n\t\t\t\t\t\t\t\t\t\t\t<span class=\"elementor-icon-list-icon\">\n\t\t\t\t\t\t\t<svg aria-hidden=\"true\" class=\"e-font-icon-svg e-fas-om\" viewBox=\"0 0 512 512\" xmlns=\"http:\/\/www.w3.org\/2000\/svg\"><path d=\"M360.6 60.94a10.43 10.43 0 0 0 14.76 0l21.57-21.56a10.43 10.43 0 0 0 0-14.76L375.35 3.06c-4.08-4.07-10.68-4.07-14.76 0l-21.57 21.56a10.43 10.43 0 0 0 0 14.76l21.58 21.56zM412.11 192c-26.69 0-51.77 10.39-70.64 29.25l-24.25 24.25c-6.78 6.77-15.78 10.5-25.38 10.5H245c10.54-22.1 14.17-48.11 7.73-75.23-10.1-42.55-46.36-76.11-89.52-83.19-36.15-5.93-70.9 5.04-96.01 28.78-7.36 6.96-6.97 18.85 1.12 24.93l26.15 19.63c5.72 4.3 13.66 4.32 19.2-.21 8.45-6.9 19.02-10.71 30.27-10.71 26.47 0 48.01 21.53 48.01 48s-21.54 48-48.01 48h-31.9c-11.96 0-19.74 12.58-14.39 23.28l16.09 32.17c2.53 5.06 7.6 8.1 13.17 8.55h33.03c35.3 0 64.01 28.7 64.01 64s-28.71 64-64.01 64c-96.02 0-122.35-54.02-145.15-92.03-4.53-7.55-14.77-3.58-14.79 5.22C-.09 416 41.13 512 159.94 512c70.59 0 128.02-57.42 128.02-128 0-23.42-6.78-45.1-17.81-64h21.69c26.69 0 51.77-10.39 70.64-29.25l24.25-24.25c6.78-6.77 15.78-10.5 25.38-10.5 19.78 0 35.88 16.09 35.88 35.88V392c0 13.23-18.77 24-32.01 24-39.4 0-66.67-24.24-81.82-42.89-4.77-5.87-14.2-2.54-14.2 5.02V416s0 64 96.02 64c48.54 0 96.02-39.47 96.02-88V291.88c0-55.08-44.8-99.88-99.89-99.88zm42.18-124.73c-85.55 65.12-169.05 2.75-172.58.05-6.02-4.62-14.44-4.38-20.14.55-5.74 4.92-7.27 13.17-3.66 19.8 1.61 2.95 40.37 72.34 118.8 72.34 79.92 0 98.78-31.36 101.75-37.66 1.02-2.12 1.53-4.47 1.53-6.83V80c0-13.22-15.14-20.69-25.7-12.73z\"><\/path><\/svg>\t\t\t\t\t\t<\/span>\n\t\t\t\t\t\t\t\t\t\t<span class=\"elementor-icon-list-text\"><b>Konzulensek:<\/b> Bereczki-Budai Zsuzsi, Csuri Veronika, Koll\u00e1th Hajnalka<\/span>\n\t\t\t\t\t\t\t\t\t<\/li>\n\t\t\t\t\t\t\t\t<li class=\"elementor-icon-list-item\">\n\t\t\t\t\t\t\t\t\t\t\t<span class=\"elementor-icon-list-icon\">\n\t\t\t\t\t\t\t<svg aria-hidden=\"true\" class=\"e-font-icon-svg e-fas-dollar-sign\" viewBox=\"0 0 288 512\" xmlns=\"http:\/\/www.w3.org\/2000\/svg\"><path d=\"M209.2 233.4l-108-31.6C88.7 198.2 80 186.5 80 173.5c0-16.3 13.2-29.5 29.5-29.5h66.3c12.2 0 24.2 3.7 34.2 10.5 6.1 4.1 14.3 3.1 19.5-2l34.8-34c7.1-6.9 6.1-18.4-1.8-24.5C238 74.8 207.4 64.1 176 64V16c0-8.8-7.2-16-16-16h-32c-8.8 0-16 7.2-16 16v48h-2.5C45.8 64-5.4 118.7.5 183.6c4.2 46.1 39.4 83.6 83.8 96.6l102.5 30c12.5 3.7 21.2 15.3 21.2 28.3 0 16.3-13.2 29.5-29.5 29.5h-66.3C100 368 88 364.3 78 357.5c-6.1-4.1-14.3-3.1-19.5 2l-34.8 34c-7.1 6.9-6.1 18.4 1.8 24.5 24.5 19.2 55.1 29.9 86.5 30v48c0 8.8 7.2 16 16 16h32c8.8 0 16-7.2 16-16v-48.2c46.6-.9 90.3-28.6 105.7-72.7 21.5-61.6-14.6-124.8-72.5-141.7z\"><\/path><\/svg>\t\t\t\t\t\t<\/span>\n\t\t\t\t\t\t\t\t\t\t<span class=\"elementor-icon-list-text\"><b>\u00c1r:<\/b> 25.000 Ft<\/span>\n\t\t\t\t\t\t\t\t\t<\/li>\n\t\t\t\t\t\t\t\t<li class=\"elementor-icon-list-item\">\n\t\t\t\t\t\t\t\t\t\t\t<span class=\"elementor-icon-list-icon\">\n\t\t\t\t\t\t\t<svg aria-hidden=\"true\" class=\"e-font-icon-svg e-far-clock\" viewBox=\"0 0 512 512\" xmlns=\"http:\/\/www.w3.org\/2000\/svg\"><path d=\"M256 8C119 8 8 119 8 256s111 248 248 248 248-111 248-248S393 8 256 8zm0 448c-110.5 0-200-89.5-200-200S145.5 56 256 56s200 89.5 200 200-89.5 200-200 200zm61.8-104.4l-84.9-61.7c-3.1-2.3-4.9-5.9-4.9-9.7V116c0-6.6 5.4-12 12-12h32c6.6 0 12 5.4 12 12v141.7l66.8 48.6c5.4 3.9 6.5 11.4 2.6 16.8L334.6 349c-3.9 5.3-11.4 6.5-16.8 2.6z\"><\/path><\/svg>\t\t\t\t\t\t<\/span>\n\t\t\t\t\t\t\t\t\t\t<span class=\"elementor-icon-list-text\"><b>Id\u0151tartam:<\/b> 90-120 perc<\/span>\n\t\t\t\t\t\t\t\t\t<\/li>\n\t\t\t\t\t\t<\/ul>\n\t\t\t\t\t\t<\/div>\n\t\t\t\t<\/div>\n\t\t<div class=\"elementor-element elementor-element-88bfc89 e-flex e-con-boxed e-con e-parent\" data-id=\"88bfc89\" data-element_type=\"container\" data-e-type=\"container\">\n\t\t\t\t\t<div class=\"e-con-inner\">\n\t\t<div class=\"elementor-element elementor-element-857c19d e-con-full e-flex e-con e-child\" data-id=\"857c19d\" data-element_type=\"container\" data-e-type=\"container\">\n\t\t\t\t<div class=\"elementor-element elementor-element-b7edc1e elementor-align-justify animated-slow elementor-invisible elementor-widget elementor-widget-button\" data-id=\"b7edc1e\" data-element_type=\"widget\" data-e-type=\"widget\" data-settings=\"{&quot;_animation&quot;:&quot;fadeIn&quot;}\" data-widget_type=\"button.default\">\n\t\t\t\t<div class=\"elementor-widget-container\">\n\t\t\t\t\t\t\t\t\t<div class=\"elementor-button-wrapper\">\n\t\t\t\t\t<a class=\"elementor-button elementor-button-link elementor-size-sm\" href=\"#kapcsolat\">\n\t\t\t\t\t\t<span class=\"elementor-button-content-wrapper\">\n\t\t\t\t\t\t\t\t\t<span class=\"elementor-button-text\">Id\u0151pontfoglal\u00e1s<\/span>\n\t\t\t\t\t<\/span>\n\t\t\t\t\t<\/a>\n\t\t\t\t<\/div>\n\t\t\t\t\t\t\t\t<\/div>\n\t\t\t\t<\/div>\n\t\t\t\t<\/div>\n\t\t<div class=\"elementor-element elementor-element-5c2e055 e-con-full e-flex e-con e-child\" data-id=\"5c2e055\" data-element_type=\"container\" data-e-type=\"container\">\n\t\t\t\t<div class=\"elementor-element elementor-element-9ac2164 elementor-align-justify animated-slow elementor-invisible elementor-widget elementor-widget-button\" data-id=\"9ac2164\" data-element_type=\"widget\" data-e-type=\"widget\" data-settings=\"{&quot;_animation&quot;:&quot;fadeIn&quot;}\" data-widget_type=\"button.default\">\n\t\t\t\t<div class=\"elementor-widget-container\">\n\t\t\t\t\t\t\t\t\t<div class=\"elementor-button-wrapper\">\n\t\t\t\t\t<a class=\"elementor-button elementor-button-link elementor-size-sm\" href=\"https:\/\/ilandconsulting.hu\/wp-content\/uploads\/2025\/11\/Amitabha-Kozpont-Arlista.png\">\n\t\t\t\t\t\t<span class=\"elementor-button-content-wrapper\">\n\t\t\t\t\t\t\t\t\t<span class=\"elementor-button-text\">\u00c1rlista<\/span>\n\t\t\t\t\t<\/span>\n\t\t\t\t\t<\/a>\n\t\t\t\t<\/div>\n\t\t\t\t\t\t\t\t<\/div>\n\t\t\t\t<\/div>\n\t\t\t\t<\/div>\n\t\t\t\t\t<\/div>\n\t\t\t\t<\/div>\n\t\t\t\t\t<\/div>\n\t\t<\/div>\n\t\t\t\t\t<\/div>\n\t\t<\/section>\n\t\t\t\t\t<\/div>\n\t\t<\/div>\n\t\t\t\t\t<\/div>\n\t\t<\/section>\n\t\t\t\t<\/div>\n\t\t","protected":false},"excerpt":{"rendered":"<p>Egy\u00e9ni csal\u00e1d\u00e1ll\u00edt\u00e1s Hellinger azt vallotta, hogy a csal\u00e1dok rendszerk\u00e9nt m\u0171k\u00f6dnek, tagjaik k\u00f6lcs\u00f6n\u00f6sen hatnak egym\u00e1sra. A tudattalanban l\u00e9v\u0151 csal\u00e1di eml\u00e9kezet pedig m\u00e9g a t\u00f6bb gener\u00e1ci\u00f3val el\u0151tt\u00fcnk \u00e9l\u0151kkel is \u00f6sszek\u00f6t benn\u00fcnket. Sorsunk teh\u00e1t \u00f6sszef\u00fcgg el\u0151deink sors\u00e1val. Vannak meghat\u00e1rozott t\u00f6rv\u00e9nyei ennek a rendszernek, \u00e9s ahol ez s\u00e9r\u00fcl, ott valamilyen blokk, probl\u00e9ma keletkezik, sokszor gener\u00e1ci\u00f3kon is \u00e1t\u00edvelve. A csal\u00e1d\u00e1ll\u00edt\u00e1s&hellip;&nbsp;<a href=\"https:\/\/ilandconsulting.hu\/?page_id=891\" rel=\"bookmark\"><span class=\"screen-reader-text\">Egy\u00e9ni csal\u00e1d\u00e1ll\u00edt\u00e1s<\/span><\/a><\/p>\n","protected":false},"author":1,"featured_media":0,"parent":0,"menu_order":0,"comment_status":"closed","ping_status":"closed","template":"page-templates\/template-pagebuilder-full-width.php","meta":{"neve_meta_sidebar":"","neve_meta_container":"","neve_meta_enable_content_width":"","neve_meta_content_width":0,"neve_meta_title_alignment":"","neve_meta_author_avatar":"","neve_post_elements_order":"","neve_meta_disable_header":"","neve_meta_disable_footer":"","neve_meta_disable_title":"","footnotes":""},"class_list":["post-891","page","type-page","status-publish","hentry"],"_links":{"self":[{"href":"https:\/\/ilandconsulting.hu\/index.php?rest_route=\/wp\/v2\/pages\/891","targetHints":{"allow":["GET"]}}],"collection":[{"href":"https:\/\/ilandconsulting.hu\/index.php?rest_route=\/wp\/v2\/pages"}],"about":[{"href":"https:\/\/ilandconsulting.hu\/index.php?rest_route=\/wp\/v2\/types\/page"}],"author":[{"embeddable":true,"href":"https:\/\/ilandconsulting.hu\/index.php?rest_route=\/wp\/v2\/users\/1"}],"replies":[{"embeddable":true,"href":"https:\/\/ilandconsulting.hu\/index.php?rest_route=%2Fwp%2Fv2%2Fcomments&post=891"}],"version-history":[{"count":10,"href":"https:\/\/ilandconsulting.hu\/index.php?rest_route=\/wp\/v2\/pages\/891\/revisions"}],"predecessor-version":[{"id":901,"href":"https:\/\/ilandconsulting.hu\/index.php?rest_route=\/wp\/v2\/pages\/891\/revisions\/901"}],"wp:attachment":[{"href":"https:\/\/ilandconsulting.hu\/index.php?rest_route=%2Fwp%2Fv2%2Fmedia&parent=891"}],"curies":[{"name":"wp","href":"https:\/\/api.w.org\/{rel}","templated":true}]}}